{"id":1607,"date":"2024-02-17T02:17:35","date_gmt":"2024-02-17T02:17:35","guid":{"rendered":"https:\/\/acueductoseljardincalimita.com\/?page_id=1607"},"modified":"2024-02-19T17:07:45","modified_gmt":"2024-02-19T17:07:45","slug":"formulario-pqrs","status":"publish","type":"page","link":"https:\/\/acueductoseljardincalimita.com\/index.php\/formulario-pqrs\/","title":{"rendered":"Formulario PQRS"},"content":{"rendered":"\t\t<div data-elementor-type=\"wp-page\" data-elementor-id=\"1607\" class=\"elementor elementor-1607\">\n\t\t\t\t<div class=\"elementor-element elementor-element-0a21328 e-flex e-con-boxed e-con e-parent\" data-id=\"0a21328\" data-element_type=\"container\" data-settings=\"{&quot;content_width&quot;:&quot;boxed&quot;}\" data-core-v316-plus=\"true\">\n\t\t\t\t\t<div class=\"e-con-inner\">\n\t\t\t\t<div class=\"elementor-element elementor-element-029002d elementor-widget elementor-widget-text-editor\" data-id=\"029002d\" data-element_type=\"widget\" data-widget_type=\"text-editor.default\">\n\t\t\t\t<div class=\"elementor-widget-container\">\n\t\t\t<style>\/*! elementor - v3.19.0 - 07-02-2024 *\/\n.elementor-widget-text-editor.elementor-drop-cap-view-stacked .elementor-drop-cap{background-color:#69727d;color:#fff}.elementor-widget-text-editor.elementor-drop-cap-view-framed .elementor-drop-cap{color:#69727d;border:3px solid;background-color:transparent}.elementor-widget-text-editor:not(.elementor-drop-cap-view-default) .elementor-drop-cap{margin-top:8px}.elementor-widget-text-editor:not(.elementor-drop-cap-view-default) .elementor-drop-cap-letter{width:1em;height:1em}.elementor-widget-text-editor .elementor-drop-cap{float:left;text-align:center;line-height:1;font-size:50px}.elementor-widget-text-editor .elementor-drop-cap-letter{display:inline-block}<\/style>\t\t\t\t<p>Su petici\u00f3n debe contener:<\/p><ol><li>Los nombres y apellidos completos del solicitante con indicaci\u00f3n del documento de identidad y direcci\u00f3n.<\/li><li>El objeto de la petici\u00f3n.\u00a0<\/li><li>Las razones en que se apoya.\u00a0<\/li><\/ol>\t\t\t\t\t\t<\/div>\n\t\t\t\t<\/div>\n\t\t\t\t<div class=\"elementor-element elementor-element-447924b elementor-widget elementor-widget-spacer\" data-id=\"447924b\" data-element_type=\"widget\" data-widget_type=\"spacer.default\">\n\t\t\t\t<div class=\"elementor-widget-container\">\n\t\t\t<style>\/*! elementor - v3.19.0 - 07-02-2024 *\/\n.elementor-column .elementor-spacer-inner{height:var(--spacer-size)}.e-con{--container-widget-width:100%}.e-con-inner>.elementor-widget-spacer,.e-con>.elementor-widget-spacer{width:var(--container-widget-width,var(--spacer-size));--align-self:var(--container-widget-align-self,initial);--flex-shrink:0}.e-con-inner>.elementor-widget-spacer>.elementor-widget-container,.e-con>.elementor-widget-spacer>.elementor-widget-container{height:100%;width:100%}.e-con-inner>.elementor-widget-spacer>.elementor-widget-container>.elementor-spacer,.e-con>.elementor-widget-spacer>.elementor-widget-container>.elementor-spacer{height:100%}.e-con-inner>.elementor-widget-spacer>.elementor-widget-container>.elementor-spacer>.elementor-spacer-inner,.e-con>.elementor-widget-spacer>.elementor-widget-container>.elementor-spacer>.elementor-spacer-inner{height:var(--container-widget-height,var(--spacer-size))}.e-con-inner>.elementor-widget-spacer.elementor-widget-empty,.e-con>.elementor-widget-spacer.elementor-widget-empty{position:relative;min-height:22px;min-width:22px}.e-con-inner>.elementor-widget-spacer.elementor-widget-empty .elementor-widget-empty-icon,.e-con>.elementor-widget-spacer.elementor-widget-empty .elementor-widget-empty-icon{position:absolute;top:0;bottom:0;left:0;right:0;margin:auto;padding:0;width:22px;height:22px}<\/style>\t\t<div class=\"elementor-spacer\">\n\t\t\t<div class=\"elementor-spacer-inner\"><\/div>\n\t\t<\/div>\n\t\t\t\t<\/div>\n\t\t\t\t<\/div>\n\t\t\t\t\t<\/div>\n\t\t\t\t<\/div>\n\t\t<div class=\"elementor-element elementor-element-2e08680 e-flex e-con-boxed e-con e-parent\" data-id=\"2e08680\" data-element_type=\"container\" data-settings=\"{&quot;content_width&quot;:&quot;boxed&quot;}\" data-core-v316-plus=\"true\">\n\t\t\t\t\t<div class=\"e-con-inner\">\n\t\t\t\t<div class=\"elementor-element elementor-element-9535d7b elementor-widget elementor-widget-html\" data-id=\"9535d7b\" data-element_type=\"widget\" data-widget_type=\"html.default\">\n\t\t\t\t<div class=\"elementor-widget-container\">\n\t\t\t<iframe src=\"https:\/\/docs.google.com\/forms\/d\/e\/1FAIpQLSdPfnZAeN3qdvsNejhCHXzhee42COz9BED89l4sba_QqcWlAQ\/viewform?embedded=true\" width=\"640\" height=\"1531\" frameborder=\"0\" marginheight=\"0\" marginwidth=\"0\">Cargando\u2026<\/iframe>\t\t<\/div>\n\t\t\t\t<\/div>\n\t\t\t\t\t<\/div>\n\t\t\t\t<\/div>\n\t\t<div class=\"elementor-element elementor-element-2910a5b e-flex e-con-boxed e-con e-parent\" data-id=\"2910a5b\" data-element_type=\"container\" data-settings=\"{&quot;content_width&quot;:&quot;boxed&quot;}\" data-core-v316-plus=\"true\">\n\t\t\t\t\t<div class=\"e-con-inner\">\n\t\t\t\t<div class=\"elementor-element elementor-element-8eafbb8 elementor-widget elementor-widget-spacer\" data-id=\"8eafbb8\" data-element_type=\"widget\" data-widget_type=\"spacer.default\">\n\t\t\t\t<div class=\"elementor-widget-container\">\n\t\t\t\t\t<div class=\"elementor-spacer\">\n\t\t\t<div class=\"elementor-spacer-inner\"><\/div>\n\t\t<\/div>\n\t\t\t\t<\/div>\n\t\t\t\t<\/div>\n\t\t\t\t<div class=\"elementor-element elementor-element-b4822c2 elementor-widget elementor-widget-text-editor\" data-id=\"b4822c2\" data-element_type=\"widget\" data-widget_type=\"text-editor.default\">\n\t\t\t\t<div class=\"elementor-widget-container\">\n\t\t\t\t\t\t\t<p><em>De conformidad el art\u00edculo 9 y 12 de la Ley 1581 de 2012 y los art\u00edculos 5 del Decreto 1377 de 2013, se solicita autorizaci\u00f3n expresa para el tratamiento de los datos personales, suministrados en el presente registro, informando que estos ser\u00e1n tratados de manera confidencial y segura de acuerdo a la ley y su decreto reglamentario.<\/em><\/p>\t\t\t\t\t\t<\/div>\n\t\t\t\t<\/div>\n\t\t\t\t\t<\/div>\n\t\t\t\t<\/div>\n\t\t\t\t<\/div>\n\t\t","protected":false},"excerpt":{"rendered":"<p>Su petici\u00f3n debe contener: Los nombres y apellidos completos del solicitante con indicaci\u00f3n del documento de identidad y direcci\u00f3n. El objeto de la petici\u00f3n.\u00a0 Las razones en que se apoya.\u00a0 Cargando\u2026 De conformidad el art\u00edculo 9 y 12 de la Ley 1581 de 2012 y los art\u00edculos 5 del Decreto 1377 de 2013, se solicita [&hellip;]<\/p>\n","protected":false},"author":1,"featured_media":0,"parent":0,"menu_order":0,"comment_status":"closed","ping_status":"closed","template":"","meta":{"om_disable_all_campaigns":false,"_monsterinsights_skip_tracking":false,"_monsterinsights_sitenote_active":false,"_monsterinsights_sitenote_note":"","_monsterinsights_sitenote_category":0,"footnotes":""},"class_list":["post-1607","page","type-page","status-publish","hentry","entry"],"aioseo_notices":[],"_links":{"self":[{"href":"https:\/\/acueductoseljardincalimita.com\/index.php\/wp-json\/wp\/v2\/pages\/1607","targetHints":{"allow":["GET"]}}],"collection":[{"href":"https:\/\/acueductoseljardincalimita.com\/index.php\/wp-json\/wp\/v2\/pages"}],"about":[{"href":"https:\/\/acueductoseljardincalimita.com\/index.php\/wp-json\/wp\/v2\/types\/page"}],"author":[{"embeddable":true,"href":"https:\/\/acueductoseljardincalimita.com\/index.php\/wp-json\/wp\/v2\/users\/1"}],"replies":[{"embeddable":true,"href":"https:\/\/acueductoseljardincalimita.com\/index.php\/wp-json\/wp\/v2\/comments?post=1607"}],"version-history":[{"count":14,"href":"https:\/\/acueductoseljardincalimita.com\/index.php\/wp-json\/wp\/v2\/pages\/1607\/revisions"}],"predecessor-version":[{"id":1747,"href":"https:\/\/acueductoseljardincalimita.com\/index.php\/wp-json\/wp\/v2\/pages\/1607\/revisions\/1747"}],"wp:attachment":[{"href":"https:\/\/acueductoseljardincalimita.com\/index.php\/wp-json\/wp\/v2\/media?parent=1607"}],"curies":[{"name":"wp","href":"https:\/\/api.w.org\/{rel}","templated":true}]}}