{"id":1937,"date":"2024-02-21T15:25:14","date_gmt":"2024-02-21T15:25:14","guid":{"rendered":"https:\/\/acueductoseljardincalimita.com\/?page_id=1937"},"modified":"2026-03-19T14:13:05","modified_gmt":"2026-03-19T14:13:05","slug":"documentos-de-interes","status":"publish","type":"page","link":"https:\/\/acueductoseljardincalimita.com\/index.php\/documentos-de-interes\/","title":{"rendered":"Documentos de Interes"},"content":{"rendered":"\t\t<div data-elementor-type=\"wp-page\" data-elementor-id=\"1937\" class=\"elementor elementor-1937\">\n\t\t\t\t<div class=\"elementor-element elementor-element-3e10141 e-flex e-con-boxed e-con e-parent\" data-id=\"3e10141\" data-element_type=\"container\" data-settings=\"{&quot;content_width&quot;:&quot;boxed&quot;}\" data-core-v316-plus=\"true\">\n\t\t\t\t\t<div class=\"e-con-inner\">\n\t\t\t\t<div class=\"elementor-element elementor-element-902c31e elementor-widget elementor-widget-spacer\" data-id=\"902c31e\" data-element_type=\"widget\" data-widget_type=\"spacer.default\">\n\t\t\t\t<div class=\"elementor-widget-container\">\n\t\t\t<style>\/*! elementor - v3.19.0 - 07-02-2024 *\/\n.elementor-column .elementor-spacer-inner{height:var(--spacer-size)}.e-con{--container-widget-width:100%}.e-con-inner>.elementor-widget-spacer,.e-con>.elementor-widget-spacer{width:var(--container-widget-width,var(--spacer-size));--align-self:var(--container-widget-align-self,initial);--flex-shrink:0}.e-con-inner>.elementor-widget-spacer>.elementor-widget-container,.e-con>.elementor-widget-spacer>.elementor-widget-container{height:100%;width:100%}.e-con-inner>.elementor-widget-spacer>.elementor-widget-container>.elementor-spacer,.e-con>.elementor-widget-spacer>.elementor-widget-container>.elementor-spacer{height:100%}.e-con-inner>.elementor-widget-spacer>.elementor-widget-container>.elementor-spacer>.elementor-spacer-inner,.e-con>.elementor-widget-spacer>.elementor-widget-container>.elementor-spacer>.elementor-spacer-inner{height:var(--container-widget-height,var(--spacer-size))}.e-con-inner>.elementor-widget-spacer.elementor-widget-empty,.e-con>.elementor-widget-spacer.elementor-widget-empty{position:relative;min-height:22px;min-width:22px}.e-con-inner>.elementor-widget-spacer.elementor-widget-empty .elementor-widget-empty-icon,.e-con>.elementor-widget-spacer.elementor-widget-empty .elementor-widget-empty-icon{position:absolute;top:0;bottom:0;left:0;right:0;margin:auto;padding:0;width:22px;height:22px}<\/style>\t\t<div class=\"elementor-spacer\">\n\t\t\t<div class=\"elementor-spacer-inner\"><\/div>\n\t\t<\/div>\n\t\t\t\t<\/div>\n\t\t\t\t<\/div>\n\t\t\t\t<div class=\"elementor-element elementor-element-201c69c elementor-widget elementor-widget-text-editor\" data-id=\"201c69c\" data-element_type=\"widget\" data-widget_type=\"text-editor.default\">\n\t\t\t\t<div class=\"elementor-widget-container\">\n\t\t\t<style>\/*! elementor - v3.19.0 - 07-02-2024 *\/\n.elementor-widget-text-editor.elementor-drop-cap-view-stacked .elementor-drop-cap{background-color:#69727d;color:#fff}.elementor-widget-text-editor.elementor-drop-cap-view-framed .elementor-drop-cap{color:#69727d;border:3px solid;background-color:transparent}.elementor-widget-text-editor:not(.elementor-drop-cap-view-default) .elementor-drop-cap{margin-top:8px}.elementor-widget-text-editor:not(.elementor-drop-cap-view-default) .elementor-drop-cap-letter{width:1em;height:1em}.elementor-widget-text-editor .elementor-drop-cap{float:left;text-align:center;line-height:1;font-size:50px}.elementor-widget-text-editor .elementor-drop-cap-letter{display:inline-block}<\/style>\t\t\t\t<p>Dando cumplimiento a lo establecido por el Gobierno Nacional en el Art\u00edculo 364-5. Registro web y remisi\u00f3n de comentarios de la sociedad civil, nos permitimos poner a disposici\u00f3n \u00a0la documentaci\u00f3n exigida a las Entidades Sin \u00c1nimo de Lucro \u2013 ESAL, con el fin de continuar con el R\u00e9gimen Tributario Especial \u2013 RTE.<\/p>\t\t\t\t\t\t<\/div>\n\t\t\t\t<\/div>\n\t\t\t\t\t<\/div>\n\t\t\t\t<\/div>\n\t\t<div class=\"elementor-element elementor-element-d721760 e-flex e-con-boxed e-con e-parent\" data-id=\"d721760\" data-element_type=\"container\" data-settings=\"{&quot;content_width&quot;:&quot;boxed&quot;}\" data-core-v316-plus=\"true\">\n\t\t\t\t\t<div class=\"e-con-inner\">\n\t\t<div class=\"elementor-element elementor-element-5937590 e-con-full e-flex e-con e-child\" data-id=\"5937590\" data-element_type=\"container\" data-settings=\"{&quot;content_width&quot;:&quot;full&quot;}\">\n\t\t\t\t<div class=\"elementor-element elementor-element-6836cb5 elementor-position-top elementor-widget elementor-widget-image-box\" data-id=\"6836cb5\" data-element_type=\"widget\" data-widget_type=\"image-box.default\">\n\t\t\t\t<div class=\"elementor-widget-container\">\n\t\t\t<style>\/*! elementor - v3.19.0 - 07-02-2024 *\/\n.elementor-widget-image-box .elementor-image-box-content{width:100%}@media (min-width:768px){.elementor-widget-image-box.elementor-position-left .elementor-image-box-wrapper,.elementor-widget-image-box.elementor-position-right .elementor-image-box-wrapper{display:flex}.elementor-widget-image-box.elementor-position-right .elementor-image-box-wrapper{text-align:right;flex-direction:row-reverse}.elementor-widget-image-box.elementor-position-left .elementor-image-box-wrapper{text-align:left;flex-direction:row}.elementor-widget-image-box.elementor-position-top .elementor-image-box-img{margin:auto}.elementor-widget-image-box.elementor-vertical-align-top .elementor-image-box-wrapper{align-items:flex-start}.elementor-widget-image-box.elementor-vertical-align-middle .elementor-image-box-wrapper{align-items:center}.elementor-widget-image-box.elementor-vertical-align-bottom .elementor-image-box-wrapper{align-items:flex-end}}@media (max-width:767px){.elementor-widget-image-box .elementor-image-box-img{margin-left:auto!important;margin-right:auto!important;margin-bottom:15px}}.elementor-widget-image-box .elementor-image-box-img{display:inline-block}.elementor-widget-image-box .elementor-image-box-title a{color:inherit}.elementor-widget-image-box .elementor-image-box-wrapper{text-align:center}.elementor-widget-image-box .elementor-image-box-description{margin:0}<\/style><div class=\"elementor-image-box-wrapper\"><figure class=\"elementor-image-box-img\"><a href=\"https:\/\/acueductoseljardincalimita.com\/wp-content\/uploads\/2024\/02\/ESTADOS-FINANCIEROS-2017-2018.pdf\" tabindex=\"-1\"><img decoding=\"async\" src=\"https:\/\/acueductoseljardincalimita.com\/wp-content\/uploads\/2024\/02\/ESTADOS-FINANCIEROS-2017-2018.pdf\" title=\"\" alt=\"\" class=\"elementor-animation-bob\" loading=\"lazy\" \/><\/a><\/figure><div class=\"elementor-image-box-content\"><h2 class=\"elementor-image-box-title\"><a href=\"https:\/\/acueductoseljardincalimita.com\/wp-content\/uploads\/2024\/02\/ESTADOS-FINANCIEROS-2017-2018.pdf\">Estados Financieros 2017-2018<\/a><\/h2><\/div><\/div>\t\t<\/div>\n\t\t\t\t<\/div>\n\t\t\t\t<\/div>\n\t\t<div class=\"elementor-element elementor-element-8b2ddca e-con-full e-flex e-con e-child\" data-id=\"8b2ddca\" data-element_type=\"container\" data-settings=\"{&quot;content_width&quot;:&quot;full&quot;}\">\n\t\t\t\t<div class=\"elementor-element elementor-element-d19a0f0 elementor-position-top elementor-widget elementor-widget-image-box\" data-id=\"d19a0f0\" data-element_type=\"widget\" data-widget_type=\"image-box.default\">\n\t\t\t\t<div class=\"elementor-widget-container\">\n\t\t\t<div class=\"elementor-image-box-wrapper\"><figure class=\"elementor-image-box-img\"><a href=\"https:\/\/acueductoseljardincalimita.com\/wp-content\/uploads\/2024\/02\/ESTADOS-FINANCIEROS-2018-2019.pdf\" tabindex=\"-1\"><img decoding=\"async\" src=\"https:\/\/acueductoseljardincalimita.com\/wp-content\/uploads\/2024\/02\/ESTADOS-FINANCIEROS-2018-2019.pdf\" title=\"\" alt=\"\" class=\"elementor-animation-bob\" loading=\"lazy\" \/><\/a><\/figure><div class=\"elementor-image-box-content\"><h2 class=\"elementor-image-box-title\"><a href=\"https:\/\/acueductoseljardincalimita.com\/wp-content\/uploads\/2024\/02\/ESTADOS-FINANCIEROS-2018-2019.pdf\">Estados Financieros 2018-2019<\/a><\/h2><\/div><\/div>\t\t<\/div>\n\t\t\t\t<\/div>\n\t\t\t\t<\/div>\n\t\t\t\t\t<\/div>\n\t\t\t\t<\/div>\n\t\t<div class=\"elementor-element elementor-element-988b9cb e-flex e-con-boxed e-con e-parent\" data-id=\"988b9cb\" data-element_type=\"container\" data-settings=\"{&quot;content_width&quot;:&quot;boxed&quot;}\" data-core-v316-plus=\"true\">\n\t\t\t\t\t<div class=\"e-con-inner\">\n\t\t<div class=\"elementor-element elementor-element-a00e9de e-con-full e-flex e-con e-child\" data-id=\"a00e9de\" data-element_type=\"container\" data-settings=\"{&quot;content_width&quot;:&quot;full&quot;}\">\n\t\t\t\t<div class=\"elementor-element elementor-element-539cc23 elementor-position-top elementor-widget elementor-widget-image-box\" data-id=\"539cc23\" data-element_type=\"widget\" data-widget_type=\"image-box.default\">\n\t\t\t\t<div class=\"elementor-widget-container\">\n\t\t\t<div class=\"elementor-image-box-wrapper\"><figure class=\"elementor-image-box-img\"><a href=\"https:\/\/acueductoseljardincalimita.com\/wp-content\/uploads\/2024\/02\/ESTADOS-FINANCIEROS-2019-2020.pdf\" tabindex=\"-1\"><img decoding=\"async\" src=\"https:\/\/acueductoseljardincalimita.com\/wp-content\/uploads\/2024\/02\/ESTADOS-FINANCIEROS-2019-2020.pdf\" title=\"\" alt=\"\" class=\"elementor-animation-bob\" loading=\"lazy\" \/><\/a><\/figure><div class=\"elementor-image-box-content\"><h2 class=\"elementor-image-box-title\"><a href=\"https:\/\/acueductoseljardincalimita.com\/wp-content\/uploads\/2024\/02\/ESTADOS-FINANCIEROS-2019-2020.pdf\">Estados Financieros 2019-2020<\/a><\/h2><\/div><\/div>\t\t<\/div>\n\t\t\t\t<\/div>\n\t\t\t\t<\/div>\n\t\t<div class=\"elementor-element elementor-element-6ad04c8 e-con-full e-flex e-con e-child\" data-id=\"6ad04c8\" data-element_type=\"container\" data-settings=\"{&quot;content_width&quot;:&quot;full&quot;}\">\n\t\t\t\t<div class=\"elementor-element elementor-element-82a984e elementor-position-top elementor-widget elementor-widget-image-box\" data-id=\"82a984e\" data-element_type=\"widget\" data-widget_type=\"image-box.default\">\n\t\t\t\t<div class=\"elementor-widget-container\">\n\t\t\t<div class=\"elementor-image-box-wrapper\"><figure class=\"elementor-image-box-img\"><a href=\"https:\/\/acueductoseljardincalimita.com\/wp-content\/uploads\/2024\/02\/ESTADOS-FINANCIEROS-2020-2021-pdf.pdf\" tabindex=\"-1\"><img decoding=\"async\" src=\"https:\/\/acueductoseljardincalimita.com\/wp-content\/uploads\/2024\/02\/ESTADOS-FINANCIEROS-2019-2020.pdf\" title=\"\" alt=\"\" class=\"elementor-animation-bob\" loading=\"lazy\" \/><\/a><\/figure><div class=\"elementor-image-box-content\"><h2 class=\"elementor-image-box-title\"><a href=\"https:\/\/acueductoseljardincalimita.com\/wp-content\/uploads\/2024\/02\/ESTADOS-FINANCIEROS-2020-2021-pdf.pdf\">Estados Financieros 2020-2021<\/a><\/h2><\/div><\/div>\t\t<\/div>\n\t\t\t\t<\/div>\n\t\t\t\t<\/div>\n\t\t\t\t\t<\/div>\n\t\t\t\t<\/div>\n\t\t<div class=\"elementor-element elementor-element-6a1e8e7 e-flex e-con-boxed e-con e-parent\" data-id=\"6a1e8e7\" data-element_type=\"container\" data-settings=\"{&quot;content_width&quot;:&quot;boxed&quot;}\" data-core-v316-plus=\"true\">\n\t\t\t\t\t<div class=\"e-con-inner\">\n\t\t<div class=\"elementor-element elementor-element-cb9ec87 e-con-full e-flex e-con e-child\" data-id=\"cb9ec87\" data-element_type=\"container\" data-settings=\"{&quot;content_width&quot;:&quot;full&quot;}\">\n\t\t\t\t<div class=\"elementor-element elementor-element-6953aa0 elementor-position-top elementor-widget elementor-widget-image-box\" data-id=\"6953aa0\" data-element_type=\"widget\" data-widget_type=\"image-box.default\">\n\t\t\t\t<div class=\"elementor-widget-container\">\n\t\t\t<div class=\"elementor-image-box-wrapper\"><figure class=\"elementor-image-box-img\"><a href=\"https:\/\/acueductoseljardincalimita.com\/wp-content\/uploads\/2024\/02\/ESTADOS-FINANCIEROS-2021-2022.pdf\" tabindex=\"-1\"><img decoding=\"async\" src=\"https:\/\/acueductoseljardincalimita.com\/wp-content\/uploads\/2024\/02\/ESTADOS-FINANCIEROS-2019-2020.pdf\" title=\"\" alt=\"\" class=\"elementor-animation-bob\" loading=\"lazy\" \/><\/a><\/figure><div class=\"elementor-image-box-content\"><h2 class=\"elementor-image-box-title\"><a href=\"https:\/\/acueductoseljardincalimita.com\/wp-content\/uploads\/2024\/02\/ESTADOS-FINANCIEROS-2021-2022.pdf\">Estados Financieros 2021-2022<\/a><\/h2><\/div><\/div>\t\t<\/div>\n\t\t\t\t<\/div>\n\t\t\t\t<\/div>\n\t\t<div class=\"elementor-element elementor-element-668fa4b e-con-full e-flex e-con e-child\" data-id=\"668fa4b\" data-element_type=\"container\" data-settings=\"{&quot;content_width&quot;:&quot;full&quot;}\">\n\t\t\t\t<div class=\"elementor-element elementor-element-227fc0d elementor-position-top elementor-widget elementor-widget-image-box\" data-id=\"227fc0d\" data-element_type=\"widget\" data-widget_type=\"image-box.default\">\n\t\t\t\t<div class=\"elementor-widget-container\">\n\t\t\t<div class=\"elementor-image-box-wrapper\"><figure class=\"elementor-image-box-img\"><a href=\"https:\/\/acueductoseljardincalimita.com\/wp-content\/uploads\/2024\/03\/Estado-Financiero-2022-2023-pdf.pdf\" tabindex=\"-1\"><img decoding=\"async\" src=\"https:\/\/acueductoseljardincalimita.com\/wp-content\/uploads\/2024\/03\/Estado-Financiero-2022-2023-pdf.pdf\" title=\"\" alt=\"\" class=\"elementor-animation-bob\" loading=\"lazy\" \/><\/a><\/figure><div class=\"elementor-image-box-content\"><h2 class=\"elementor-image-box-title\"><a href=\"https:\/\/acueductoseljardincalimita.com\/wp-content\/uploads\/2024\/03\/Estado-Financiero-2022-2023-pdf.pdf\">Estados Financieros 2022-2023<\/a><\/h2><\/div><\/div>\t\t<\/div>\n\t\t\t\t<\/div>\n\t\t\t\t<\/div>\n\t\t\t\t\t<\/div>\n\t\t\t\t<\/div>\n\t\t<div class=\"elementor-element elementor-element-46e4cfd e-flex e-con-boxed e-con e-parent\" data-id=\"46e4cfd\" data-element_type=\"container\" data-settings=\"{&quot;content_width&quot;:&quot;boxed&quot;}\" data-core-v316-plus=\"true\">\n\t\t\t\t\t<div class=\"e-con-inner\">\n\t\t<div class=\"elementor-element elementor-element-3b53f08 e-con-full e-flex e-con e-child\" data-id=\"3b53f08\" data-element_type=\"container\" data-settings=\"{&quot;content_width&quot;:&quot;full&quot;}\">\n\t\t\t\t<div class=\"elementor-element elementor-element-02c7be6 elementor-position-top elementor-widget elementor-widget-image-box\" data-id=\"02c7be6\" data-element_type=\"widget\" data-widget_type=\"image-box.default\">\n\t\t\t\t<div class=\"elementor-widget-container\">\n\t\t\t<div class=\"elementor-image-box-wrapper\"><figure class=\"elementor-image-box-img\"><a href=\"https:\/\/acueductoseljardincalimita.com\/wp-content\/uploads\/2025\/03\/EEFF-2024-CALIMITA.pdf\" tabindex=\"-1\"><img decoding=\"async\" src=\"https:\/\/acueductoseljardincalimita.com\/wp-content\/uploads\/2025\/03\/EEFF-2024-CALIMITA.pdf\" title=\"\" alt=\"\" class=\"elementor-animation-bob\" loading=\"lazy\" \/><\/a><\/figure><div class=\"elementor-image-box-content\"><h2 class=\"elementor-image-box-title\"><a href=\"https:\/\/acueductoseljardincalimita.com\/wp-content\/uploads\/2025\/03\/EEFF-2024-CALIMITA.pdf\">Estados Financieros 2023-2024<\/a><\/h2><\/div><\/div>\t\t<\/div>\n\t\t\t\t<\/div>\n\t\t\t\t<\/div>\n\t\t<div class=\"elementor-element elementor-element-6a92ace e-con-full e-flex e-con e-child\" data-id=\"6a92ace\" data-element_type=\"container\" data-settings=\"{&quot;content_width&quot;:&quot;full&quot;}\">\n\t\t\t\t<div class=\"elementor-element elementor-element-adeb706 elementor-position-top elementor-widget elementor-widget-image-box\" data-id=\"adeb706\" data-element_type=\"widget\" data-widget_type=\"image-box.default\">\n\t\t\t\t<div class=\"elementor-widget-container\">\n\t\t\t<div class=\"elementor-image-box-wrapper\"><figure class=\"elementor-image-box-img\"><a href=\"https:\/\/acueductoseljardincalimita.com\/wp-content\/uploads\/2026\/03\/EEFF-2025-AJC.pdf\" tabindex=\"-1\"><img decoding=\"async\" src=\"https:\/\/acueductoseljardincalimita.com\/wp-content\/uploads\/2026\/03\/EEFF-2025-AJC.pdf\" title=\"\" alt=\"\" class=\"elementor-animation-bob\" loading=\"lazy\" \/><\/a><\/figure><div class=\"elementor-image-box-content\"><h2 class=\"elementor-image-box-title\"><a href=\"https:\/\/acueductoseljardincalimita.com\/wp-content\/uploads\/2026\/03\/EEFF-2025-AJC.pdf\">Estados Financieros 2024-2025<\/a><\/h2><\/div><\/div>\t\t<\/div>\n\t\t\t\t<\/div>\n\t\t\t\t<\/div>\n\t\t\t\t\t<\/div>\n\t\t\t\t<\/div>\n\t\t\t\t<\/div>\n\t\t","protected":false},"excerpt":{"rendered":"<p>Dando cumplimiento a lo establecido por el Gobierno Nacional en el Art\u00edculo 364-5. Registro web y remisi\u00f3n de comentarios de la sociedad civil, nos permitimos poner a disposici\u00f3n \u00a0la documentaci\u00f3n exigida a las Entidades Sin \u00c1nimo de Lucro \u2013 ESAL, con el fin de continuar con el R\u00e9gimen Tributario Especial \u2013 RTE. Estados Financieros 2017-2018 [&hellip;]<\/p>\n","protected":false},"author":1,"featured_media":0,"parent":0,"menu_order":0,"comment_status":"closed","ping_status":"closed","template":"","meta":{"om_disable_all_campaigns":false,"_monsterinsights_skip_tracking":false,"_monsterinsights_sitenote_active":false,"_monsterinsights_sitenote_note":"","_monsterinsights_sitenote_category":0,"footnotes":""},"class_list":["post-1937","page","type-page","status-publish","hentry","entry"],"aioseo_notices":[],"_links":{"self":[{"href":"https:\/\/acueductoseljardincalimita.com\/index.php\/wp-json\/wp\/v2\/pages\/1937","targetHints":{"allow":["GET"]}}],"collection":[{"href":"https:\/\/acueductoseljardincalimita.com\/index.php\/wp-json\/wp\/v2\/pages"}],"about":[{"href":"https:\/\/acueductoseljardincalimita.com\/index.php\/wp-json\/wp\/v2\/types\/page"}],"author":[{"embeddable":true,"href":"https:\/\/acueductoseljardincalimita.com\/index.php\/wp-json\/wp\/v2\/users\/1"}],"replies":[{"embeddable":true,"href":"https:\/\/acueductoseljardincalimita.com\/index.php\/wp-json\/wp\/v2\/comments?post=1937"}],"version-history":[{"count":62,"href":"https:\/\/acueductoseljardincalimita.com\/index.php\/wp-json\/wp\/v2\/pages\/1937\/revisions"}],"predecessor-version":[{"id":2212,"href":"https:\/\/acueductoseljardincalimita.com\/index.php\/wp-json\/wp\/v2\/pages\/1937\/revisions\/2212"}],"wp:attachment":[{"href":"https:\/\/acueductoseljardincalimita.com\/index.php\/wp-json\/wp\/v2\/media?parent=1937"}],"curies":[{"name":"wp","href":"https:\/\/api.w.org\/{rel}","templated":true}]}}